{"id":421,"date":"2021-02-11T09:45:24","date_gmt":"2021-02-11T06:45:24","guid":{"rendered":"https:\/\/the7.io\/dev-studio\/?page_id=421"},"modified":"2021-02-13T18:23:57","modified_gmt":"2021-02-13T15:23:57","slug":"lets-meet","status":"publish","type":"page","link":"https:\/\/www.iyiiletisim.com\/eng\/lets-meet\/","title":{"rendered":"#let&#8217;s meet"},"content":{"rendered":"<p>[vc_row type=&#8221;vc_default&#8221; bg_type=&#8221;image&#8221; parallax_style=&#8221;vcpb-default&#8221; bg_image_new=&#8221;id^1366|url^http:\/\/www.iyiiletisim.com\/wp-content\/uploads\/2019\/10\/ic-sayfa-bg.jpg|caption^null|alt^null|title^ic sayfa bg|description^null&#8221; bg_image_repeat=&#8221;no-repeat&#8221; bg_image_posiiton=&#8221;50% 40%&#8221; bg_override=&#8221;ex-full&#8221; enable_overlay=&#8221;enable_overlay_value&#8221; overlay_color=&#8221;rgba(0,0,0,0.5)&#8221; overlay_pattern=&#8221;transperant&#8221; css=&#8221;.vc_custom_1611012582654{padding-top: 130px !important;padding-bottom: 50px !important;background-color: #000000 !important;}&#8221;][vc_column offset=&#8221;vc_col-lg-offset-0 vc_col-md-offset-0 vc_col-sm-offset-0 vc_col-xs-12&#8243;][vc_row_inner content_placement=&#8221;middle&#8221; css=&#8221;.vc_custom_1572362638484{padding-top: 6% !important;padding-bottom: 6% !important;}&#8221;][vc_column_inner offset=&#8221;vc_col-lg-12 vc_col-md-12&#8243;]<div id=\"ultimate-heading-296969e0ecde2e9f8\" class=\"uvc-heading ult-adjust-bottom-margin ultimate-heading-296969e0ecde2e9f8 uvc-6070 accent-subtitle-color\" data-hspacer=\"no_spacer\"  data-halign=\"center\" style=\"text-align:center\"><div class=\"uvc-heading-spacer no_spacer\" style=\"top\"><\/div><div class=\"uvc-main-heading ult-responsive\"  data-ultimate-target='.uvc-heading.ultimate-heading-296969e0ecde2e9f8 h2'  data-responsive-json-new='{\"font-size\":\"desktop:40px;tablet:30px;tablet_portrait:30px;mobile_landscape:30px;mobile:30px;\",\"line-height\":\"desktop:50px;tablet:40px;tablet_portrait:40px;mobile_landscape:40px;mobile:40px;\"}' ><h2 style=\"font-weight:bold;color:#ffffff;margin-bottom:10px;\">Contact Us<\/h2><\/div><\/div>[\/vc_column_inner][\/vc_row_inner][\/vc_column][\/vc_row][vc_row type=&#8221;vc_default&#8221; equal_height=&#8221;yes&#8221; content_placement=&#8221;top&#8221; css=&#8221;.vc_custom_1610441889283{padding-top: 90px !important;padding-bottom: 20px !important;}&#8221;][vc_column width=&#8221;1\/3&#8243; css=&#8221;.vc_custom_1572479261902{margin-top: -20px !important;padding-bottom: 80px !important;}&#8221;]<div id=\"ultimate-heading-905369e0ecde2ea65\" class=\"uvc-heading ult-adjust-bottom-margin ultimate-heading-905369e0ecde2ea65 uvc-8424 color-title\" data-hspacer=\"no_spacer\"  data-halign=\"left\" style=\"text-align:left\"><div class=\"uvc-heading-spacer no_spacer\" style=\"top\"><\/div><div class=\"uvc-main-heading ult-responsive\"  data-ultimate-target='.uvc-heading.ultimate-heading-905369e0ecde2ea65 h2'  data-responsive-json-new='{\"font-size\":\"desktop:16px;\",\"line-height\":\"desktop:30px;\"}' ><h2 style=\"font-family:&#039;Montserrat&#039;;font-weight:700;color:#a4a5ae;\">Call Us<\/h2><\/div><div class=\"uvc-sub-heading ult-responsive\"  data-ultimate-target='.uvc-heading.ultimate-heading-905369e0ecde2ea65 .uvc-sub-heading '  data-responsive-json-new='{\"font-size\":\"desktop:18px;\",\"line-height\":\"desktop:24px;\"}'  style=\"font-family:&#039;Montserrat&#039;;font-weight:500;margin-bottom:20px;\">+90 (212) 286 10 98<\/div><\/div><div id=\"ultimate-heading-824969e0ecde2eacb\" class=\"uvc-heading ult-adjust-bottom-margin ultimate-heading-824969e0ecde2eacb uvc-3225 color-title\" data-hspacer=\"no_spacer\"  data-halign=\"left\" style=\"text-align:left\"><div class=\"uvc-heading-spacer no_spacer\" style=\"top\"><\/div><div class=\"uvc-main-heading ult-responsive\"  data-ultimate-target='.uvc-heading.ultimate-heading-824969e0ecde2eacb h2'  data-responsive-json-new='{\"font-size\":\"desktop:16px;\",\"line-height\":\"desktop:30px;\"}' ><h2 style=\"font-family:&#039;Montserrat&#039;;font-weight:700;color:#a4a5ae;\">E-Mail<\/h2><\/div><div class=\"uvc-sub-heading ult-responsive\"  data-ultimate-target='.uvc-heading.ultimate-heading-824969e0ecde2eacb .uvc-sub-heading '  data-responsive-json-new='{\"font-size\":\"desktop:18px;\",\"line-height\":\"desktop:24px;\"}'  style=\"font-family:&#039;Montserrat&#039;;font-weight:500;margin-bottom:20px;\">info@iyiiletisim.com<\/div><\/div><div id=\"ultimate-heading-848069e0ecde2eb1d\" class=\"uvc-heading ult-adjust-bottom-margin ultimate-heading-848069e0ecde2eb1d uvc-6271 color-title\" data-hspacer=\"no_spacer\"  data-halign=\"left\" style=\"text-align:left\"><div class=\"uvc-heading-spacer no_spacer\" style=\"top\"><\/div><div class=\"uvc-main-heading ult-responsive\"  data-ultimate-target='.uvc-heading.ultimate-heading-848069e0ecde2eb1d h2'  data-responsive-json-new='{\"font-size\":\"desktop:16px;\",\"line-height\":\"desktop:30px;\"}' ><h2 style=\"font-family:&#039;Montserrat&#039;;font-weight:700;color:#a4a5ae;\">Our Address<\/h2><\/div><div class=\"uvc-sub-heading ult-responsive\"  data-ultimate-target='.uvc-heading.ultimate-heading-848069e0ecde2eb1d .uvc-sub-heading '  data-responsive-json-new='{\"font-size\":\"desktop:18px;\",\"line-height\":\"desktop:24px;\"}'  style=\"font-family:&#039;Montserrat&#039;;font-weight:500;margin-bottom:20px;\">Demirta\u015f Mahallesi, Kepenek\u00e7i Sabunhanesi Sokak No : 206<br \/>\nHali\u00e7\/\u0130STANBUL<\/div><\/div><div id=\"ultimate-heading-644969e0ecde2eb6d\" class=\"uvc-heading ult-adjust-bottom-margin ultimate-heading-644969e0ecde2eb6d uvc-7116 color-title\" data-hspacer=\"no_spacer\"  data-halign=\"left\" style=\"text-align:left\"><div class=\"uvc-heading-spacer no_spacer\" style=\"top\"><\/div><div class=\"uvc-main-heading ult-responsive\"  data-ultimate-target='.uvc-heading.ultimate-heading-644969e0ecde2eb6d h2'  data-responsive-json-new='{\"font-size\":\"desktop:16px;\",\"line-height\":\"desktop:30px;\"}' ><h2 style=\"font-family:&#039;Montserrat&#039;;font-weight:700;color:#a4a5ae;\">Working Hours<\/h2><\/div><div class=\"uvc-sub-heading ult-responsive\"  data-ultimate-target='.uvc-heading.ultimate-heading-644969e0ecde2eb6d .uvc-sub-heading '  data-responsive-json-new='{\"font-size\":\"desktop:18px;\",\"line-height\":\"desktop:24px;\"}'  style=\"font-family:&#039;Montserrat&#039;;font-weight:500;margin-bottom:20px;\"><a style=\"text-decoration: none; color: #25d366;\" href=\"https:\/\/wa.me\/+905336852561\" target=\"_blank\" rel=\"noopener\"><i class=\"fab fa-whatsapp\"><\/i> \u0130leti\u015fime Ge\u00e7in<\/a><\/div><\/div><div id=\"ultimate-heading-392269e0ecde2ebdd\" class=\"uvc-heading ult-adjust-bottom-margin ultimate-heading-392269e0ecde2ebdd uvc-1406 color-title\" data-hspacer=\"no_spacer\"  data-halign=\"left\" style=\"text-align:left\"><div class=\"uvc-heading-spacer no_spacer\" style=\"top\"><\/div><div class=\"uvc-main-heading ult-responsive\"  data-ultimate-target='.uvc-heading.ultimate-heading-392269e0ecde2ebdd h2'  data-responsive-json-new='{\"font-size\":\"desktop:16px;\",\"line-height\":\"desktop:30px;\"}' ><h2 style=\"font-family:&#039;Montserrat&#039;;font-weight:700;color:#a4a5ae;margin-bottom:10px;\">Follow us!<\/h2><\/div><\/div><style type=\"text\/css\" data-type=\"the7_shortcodes-inline-css\">.dt-shortcode-soc-icons.soc-icons-793497e76e756a75935912c7aa023168 a {\n  margin-right: 15px;\n}\n.dt-shortcode-soc-icons a.soc-icons-793497e76e756a75935912c7aa023168 {\n  margin-right: 15px;\n}\n.dt-shortcode-soc-icons a.soc-icons-793497e76e756a75935912c7aa023168:last-child {\n  margin-right: 0;\n}\n.dt-shortcode-soc-icons a.soc-icons-793497e76e756a75935912c7aa023168:before,\n.dt-shortcode-soc-icons a.soc-icons-793497e76e756a75935912c7aa023168:after {\n  padding: inherit;\n}\n.dt-shortcode-soc-icons a.soc-icons-793497e76e756a75935912c7aa023168.dt-icon-border-on:before {\n  border:  solid ;\n}\n.dt-shortcode-soc-icons a.soc-icons-793497e76e756a75935912c7aa023168.dt-icon-hover-border-on:after {\n  border:  solid ;\n}\n<\/style><div class=\"dt-shortcode-soc-icons  soc-icons-793497e76e756a75935912c7aa023168 soc-icons-left \" ><style type=\"text\/css\" data-type=\"the7_shortcodes-inline-css\">.dt-shortcode-soc-icons a.single-soc-icon-ffe96fef62eda0c51a948d560d8e0ba8 {\n  min-width: 50px;\n  min-height: 50px;\n  font-size: 24px;\n  border-radius: 100px;\n}\n.dt-shortcode-soc-icons a.single-soc-icon-ffe96fef62eda0c51a948d560d8e0ba8:last-child {\n  margin-right: 0;\n}\n.dt-shortcode-soc-icons a.single-soc-icon-ffe96fef62eda0c51a948d560d8e0ba8:before,\n.dt-shortcode-soc-icons a.single-soc-icon-ffe96fef62eda0c51a948d560d8e0ba8:after {\n  min-width: 50px;\n  min-height: 50px;\n  padding: inherit;\n}\n#page .dt-shortcode-soc-icons a.single-soc-icon-ffe96fef62eda0c51a948d560d8e0ba8.dt-icon-bg-on:before,\n#phantom .dt-shortcode-soc-icons a.single-soc-icon-ffe96fef62eda0c51a948d560d8e0ba8.dt-icon-bg-on:before {\n  background: rgba(0,0,0,0.08);\n}\n.dt-shortcode-soc-icons a.single-soc-icon-ffe96fef62eda0c51a948d560d8e0ba8.dt-icon-border-on:before {\n  border: 0px solid ;\n}\n.dt-shortcode-soc-icons a.single-soc-icon-ffe96fef62eda0c51a948d560d8e0ba8.dt-icon-hover-border-on:after {\n  border: 0px solid ;\n}\n.dt-shortcode-soc-icons a.single-soc-icon-ffe96fef62eda0c51a948d560d8e0ba8:hover {\n  font-size: 24px;\n}\n#page .dt-shortcode-soc-icons a.single-soc-icon-ffe96fef62eda0c51a948d560d8e0ba8:hover .soc-font-icon,\n#phantom .dt-shortcode-soc-icons a.single-soc-icon-ffe96fef62eda0c51a948d560d8e0ba8:hover .soc-font-icon,\n#page .dt-shortcode-soc-icons a.single-soc-icon-ffe96fef62eda0c51a948d560d8e0ba8:hover .soc-icon,\n#phantom .dt-shortcode-soc-icons a.single-soc-icon-ffe96fef62eda0c51a948d560d8e0ba8:hover .soc-icon {\n  color: #ffffff;\n  background: none;\n}\n#page .dt-shortcode-soc-icons a.single-soc-icon-ffe96fef62eda0c51a948d560d8e0ba8:not(:hover) .soc-font-icon,\n#phantom .dt-shortcode-soc-icons a.single-soc-icon-ffe96fef62eda0c51a948d560d8e0ba8:not(:hover) .soc-font-icon,\n#page .dt-shortcode-soc-icons a.single-soc-icon-ffe96fef62eda0c51a948d560d8e0ba8:not(:hover) .soc-icon,\n#phantom .dt-shortcode-soc-icons a.single-soc-icon-ffe96fef62eda0c51a948d560d8e0ba8:not(:hover) .soc-icon {\n  color: rgba(0,0,0,0.35);\n  background: none;\n}\n.dt-shortcode-soc-icons a.single-soc-icon-ffe96fef62eda0c51a948d560d8e0ba8 .soc-font-icon,\n.dt-shortcode-soc-icons a.single-soc-icon-ffe96fef62eda0c51a948d560d8e0ba8 .soc-icon {\n  font-size: 24px;\n}\n<\/style><a title=\"Facebook\" href=\"#\" class=\"facebook single-soc-icon-ffe96fef62eda0c51a948d560d8e0ba8 dt-icon-bg-on dt-icon-border-on dt-icon-hover-border-on dt-icon-hover-bg-on  \" ><i class=\"soc-icon soc-font-icon dt-icon-facebook\"><\/i><span class=\"screen-reader-text\">Facebook<\/span><\/a><style type=\"text\/css\" data-type=\"the7_shortcodes-inline-css\">.dt-shortcode-soc-icons a.single-soc-icon-ce2b6ef89c282271fcf9e496b1043bd8 {\n  min-width: 50px;\n  min-height: 50px;\n  font-size: 24px;\n  border-radius: 100px;\n}\n.dt-shortcode-soc-icons a.single-soc-icon-ce2b6ef89c282271fcf9e496b1043bd8:last-child {\n  margin-right: 0;\n}\n.dt-shortcode-soc-icons a.single-soc-icon-ce2b6ef89c282271fcf9e496b1043bd8:before,\n.dt-shortcode-soc-icons a.single-soc-icon-ce2b6ef89c282271fcf9e496b1043bd8:after {\n  min-width: 50px;\n  min-height: 50px;\n  padding: inherit;\n}\n#page .dt-shortcode-soc-icons a.single-soc-icon-ce2b6ef89c282271fcf9e496b1043bd8.dt-icon-bg-on:before,\n#phantom .dt-shortcode-soc-icons a.single-soc-icon-ce2b6ef89c282271fcf9e496b1043bd8.dt-icon-bg-on:before {\n  background: rgba(0,0,0,0.08);\n}\n.dt-shortcode-soc-icons a.single-soc-icon-ce2b6ef89c282271fcf9e496b1043bd8.dt-icon-border-on:before {\n  border: 0px solid ;\n}\n.dt-shortcode-soc-icons a.single-soc-icon-ce2b6ef89c282271fcf9e496b1043bd8.dt-icon-hover-border-on:after {\n  border: 0px solid ;\n}\n.dt-shortcode-soc-icons a.single-soc-icon-ce2b6ef89c282271fcf9e496b1043bd8:hover {\n  font-size: 24px;\n}\n#page .dt-shortcode-soc-icons a.single-soc-icon-ce2b6ef89c282271fcf9e496b1043bd8:hover .soc-font-icon,\n#phantom .dt-shortcode-soc-icons a.single-soc-icon-ce2b6ef89c282271fcf9e496b1043bd8:hover .soc-font-icon,\n#page .dt-shortcode-soc-icons a.single-soc-icon-ce2b6ef89c282271fcf9e496b1043bd8:hover .soc-icon,\n#phantom .dt-shortcode-soc-icons a.single-soc-icon-ce2b6ef89c282271fcf9e496b1043bd8:hover .soc-icon {\n  color: #ffffff;\n  background: none;\n}\n#page .dt-shortcode-soc-icons a.single-soc-icon-ce2b6ef89c282271fcf9e496b1043bd8:not(:hover) .soc-font-icon,\n#phantom .dt-shortcode-soc-icons a.single-soc-icon-ce2b6ef89c282271fcf9e496b1043bd8:not(:hover) .soc-font-icon,\n#page .dt-shortcode-soc-icons a.single-soc-icon-ce2b6ef89c282271fcf9e496b1043bd8:not(:hover) .soc-icon,\n#phantom .dt-shortcode-soc-icons a.single-soc-icon-ce2b6ef89c282271fcf9e496b1043bd8:not(:hover) .soc-icon {\n  color: rgba(0,0,0,0.35);\n  background: none;\n}\n.dt-shortcode-soc-icons a.single-soc-icon-ce2b6ef89c282271fcf9e496b1043bd8 .soc-font-icon,\n.dt-shortcode-soc-icons a.single-soc-icon-ce2b6ef89c282271fcf9e496b1043bd8 .soc-icon {\n  font-size: 24px;\n}\n<\/style><a title=\"Instagram\" href=\"#\" class=\"instagram single-soc-icon-ce2b6ef89c282271fcf9e496b1043bd8 dt-icon-bg-on dt-icon-border-on dt-icon-hover-border-on dt-icon-hover-bg-on  \" ><i class=\"soc-icon soc-font-icon dt-icon-instagram\"><\/i><span class=\"screen-reader-text\">Instagram<\/span><\/a><style type=\"text\/css\" data-type=\"the7_shortcodes-inline-css\">.dt-shortcode-soc-icons a.single-soc-icon-959809328a18ee564ade3bbf6cf379d6 {\n  min-width: 50px;\n  min-height: 50px;\n  font-size: 24px;\n  border-radius: 100px;\n}\n.dt-shortcode-soc-icons a.single-soc-icon-959809328a18ee564ade3bbf6cf379d6:last-child {\n  margin-right: 0;\n}\n.dt-shortcode-soc-icons a.single-soc-icon-959809328a18ee564ade3bbf6cf379d6:before,\n.dt-shortcode-soc-icons a.single-soc-icon-959809328a18ee564ade3bbf6cf379d6:after {\n  min-width: 50px;\n  min-height: 50px;\n  padding: inherit;\n}\n#page .dt-shortcode-soc-icons a.single-soc-icon-959809328a18ee564ade3bbf6cf379d6.dt-icon-bg-on:before,\n#phantom .dt-shortcode-soc-icons a.single-soc-icon-959809328a18ee564ade3bbf6cf379d6.dt-icon-bg-on:before {\n  background: rgba(0,0,0,0.08);\n}\n.dt-shortcode-soc-icons a.single-soc-icon-959809328a18ee564ade3bbf6cf379d6.dt-icon-border-on:before {\n  border: 0px solid ;\n}\n.dt-shortcode-soc-icons a.single-soc-icon-959809328a18ee564ade3bbf6cf379d6.dt-icon-hover-border-on:after {\n  border: 0px solid ;\n}\n.dt-shortcode-soc-icons a.single-soc-icon-959809328a18ee564ade3bbf6cf379d6:hover {\n  font-size: 24px;\n}\n#page .dt-shortcode-soc-icons a.single-soc-icon-959809328a18ee564ade3bbf6cf379d6:hover .soc-font-icon,\n#phantom .dt-shortcode-soc-icons a.single-soc-icon-959809328a18ee564ade3bbf6cf379d6:hover .soc-font-icon,\n#page .dt-shortcode-soc-icons a.single-soc-icon-959809328a18ee564ade3bbf6cf379d6:hover .soc-icon,\n#phantom .dt-shortcode-soc-icons a.single-soc-icon-959809328a18ee564ade3bbf6cf379d6:hover .soc-icon {\n  color: #ffffff;\n  background: none;\n}\n#page .dt-shortcode-soc-icons a.single-soc-icon-959809328a18ee564ade3bbf6cf379d6:not(:hover) .soc-font-icon,\n#phantom .dt-shortcode-soc-icons a.single-soc-icon-959809328a18ee564ade3bbf6cf379d6:not(:hover) .soc-font-icon,\n#page .dt-shortcode-soc-icons a.single-soc-icon-959809328a18ee564ade3bbf6cf379d6:not(:hover) .soc-icon,\n#phantom .dt-shortcode-soc-icons a.single-soc-icon-959809328a18ee564ade3bbf6cf379d6:not(:hover) .soc-icon {\n  color: rgba(0,0,0,0.35);\n  background: none;\n}\n.dt-shortcode-soc-icons a.single-soc-icon-959809328a18ee564ade3bbf6cf379d6 .soc-font-icon,\n.dt-shortcode-soc-icons a.single-soc-icon-959809328a18ee564ade3bbf6cf379d6 .soc-icon {\n  font-size: 24px;\n}\n<\/style><a title=\"Linkedin\" href=\"#\" class=\"linkedin single-soc-icon-959809328a18ee564ade3bbf6cf379d6 dt-icon-bg-on dt-icon-border-on dt-icon-hover-border-on dt-icon-hover-bg-on  \" ><i class=\"soc-icon soc-font-icon dt-icon-linkedin\"><\/i><span class=\"screen-reader-text\">Linkedin<\/span><\/a><\/div>[\/vc_column][vc_column width=&#8221;2\/3&#8243; css=&#8221;.vc_custom_1572369265349{padding-bottom: 70px !important;}&#8221;]<div role=\"form\" class=\"wpcf7\" id=\"wpcf7-f5-o1\" lang=\"tr-TR\" dir=\"ltr\">\n<div class=\"screen-reader-response\"><p role=\"status\" aria-live=\"polite\" aria-atomic=\"true\"><\/p> <ul><\/ul><\/div>\n<form action=\"\/eng\/wp-json\/wp\/v2\/pages\/421#wpcf7-f5-o1\" method=\"post\" class=\"wpcf7-form init\" novalidate=\"novalidate\" data-status=\"init\">\n<div style=\"display: none;\">\n<input type=\"hidden\" name=\"_wpcf7\" value=\"5\" \/>\n<input type=\"hidden\" name=\"_wpcf7_version\" value=\"5.3.2\" \/>\n<input type=\"hidden\" name=\"_wpcf7_locale\" value=\"tr_TR\" \/>\n<input type=\"hidden\" name=\"_wpcf7_unit_tag\" value=\"wpcf7-f5-o1\" \/>\n<input type=\"hidden\" name=\"_wpcf7_container_post\" value=\"0\" \/>\n<input type=\"hidden\" name=\"_wpcf7_posted_data_hash\" value=\"\" \/>\n<\/div>\n<p><label> Name<br \/>\n    <span class=\"wpcf7-form-control-wrap your-name\"><input type=\"text\" name=\"your-name\" value=\"\" size=\"40\" class=\"wpcf7-form-control wpcf7-text wpcf7-validates-as-required\" aria-required=\"true\" aria-invalid=\"false\" \/><\/span> <\/label><\/p>\n<p><label> E-Mail<br \/>\n    <span class=\"wpcf7-form-control-wrap your-email\"><input type=\"email\" name=\"your-email\" value=\"\" size=\"40\" class=\"wpcf7-form-control wpcf7-text wpcf7-email wpcf7-validates-as-required wpcf7-validates-as-email\" aria-required=\"true\" aria-invalid=\"false\" \/><\/span> <\/label><\/p>\n<p><label> Subject<br \/>\n    <span class=\"wpcf7-form-control-wrap your-subject\"><input type=\"text\" name=\"your-subject\" value=\"\" size=\"40\" class=\"wpcf7-form-control wpcf7-text wpcf7-validates-as-required\" aria-required=\"true\" aria-invalid=\"false\" \/><\/span> <\/label><\/p>\n<p><label> Your Message<br \/>\n    <span class=\"wpcf7-form-control-wrap your-message\"><textarea name=\"your-message\" cols=\"40\" rows=\"10\" class=\"wpcf7-form-control wpcf7-textarea\" aria-invalid=\"false\"><\/textarea><\/span> <\/label><\/p>\n<p><input type=\"submit\" value=\"Submit\" class=\"wpcf7-form-control wpcf7-submit\" \/><\/p>\n<div class=\"wpcf7-response-output\" aria-hidden=\"true\"><\/div><\/form><\/div>[\/vc_column][\/vc_row]<\/p>\n","protected":false},"excerpt":{"rendered":"<p>[vc_row type=&#8221;vc_default&#8221; bg_type=&#8221;image&#8221; parallax_style=&#8221;vcpb-default&#8221; bg_image_new=&#8221;id^1366|url^http:\/\/www.iyiiletisim.com\/wp-content\/uploads\/2019\/10\/ic-sayfa-bg.jpg|caption^null|alt^null|title^ic sayfa bg|description^null&#8221; bg_image_repeat=&#8221;no-repeat&#8221; bg_image_posiiton=&#8221;50% 40%&#8221; bg_override=&#8221;ex-full&#8221; enable_overlay=&#8221;enable_overlay_value&#8221; overlay_color=&#8221;rgba(0,0,0,0.5)&#8221; overlay_pattern=&#8221;transperant&#8221; css=&#8221;.vc_custom_1611012582654{padding-top: 130px !important;padding-bottom: 50px !important;background-color: #000000 !important;}&#8221;][vc_column offset=&#8221;vc_col-lg-offset-0 vc_col-md-offset-0 vc_col-sm-offset-0 vc_col-xs-12&#8243;][vc_row_inner content_placement=&#8221;middle&#8221; css=&#8221;.vc_custom_1572362638484{padding-top: 6% !important;padding-bottom: 6% !important;}&#8221;][vc_column_inner offset=&#8221;vc_col-lg-12 vc_col-md-12&#8243;][\/vc_column_inner][\/vc_row_inner][\/vc_column][\/vc_row][vc_row type=&#8221;vc_default&#8221; equal_height=&#8221;yes&#8221; content_placement=&#8221;top&#8221; css=&#8221;.vc_custom_1610441889283{padding-top: 90px !important;padding-bottom: 20px !important;}&#8221;][vc_column width=&#8221;1\/3&#8243; css=&#8221;.vc_custom_1572479261902{margin-top: -20px !important;padding-bottom: 80px !important;}&#8221;][\/vc_column][vc_column width=&#8221;2\/3&#8243; css=&#8221;.vc_custom_1572369265349{padding-bottom: 70px !important;}&#8221;][\/vc_column][\/vc_row]<\/p>\n","protected":false},"author":1,"featured_media":0,"parent":0,"menu_order":100,"comment_status":"closed","ping_status":"closed","template":"","meta":[],"_links":{"self":[{"href":"https:\/\/www.iyiiletisim.com\/eng\/wp-json\/wp\/v2\/pages\/421"}],"collection":[{"href":"https:\/\/www.iyiiletisim.com\/eng\/wp-json\/wp\/v2\/pages"}],"about":[{"href":"https:\/\/www.iyiiletisim.com\/eng\/wp-json\/wp\/v2\/types\/page"}],"author":[{"embeddable":true,"href":"https:\/\/www.iyiiletisim.com\/eng\/wp-json\/wp\/v2\/users\/1"}],"replies":[{"embeddable":true,"href":"https:\/\/www.iyiiletisim.com\/eng\/wp-json\/wp\/v2\/comments?post=421"}],"version-history":[{"count":14,"href":"https:\/\/www.iyiiletisim.com\/eng\/wp-json\/wp\/v2\/pages\/421\/revisions"}],"predecessor-version":[{"id":1538,"href":"https:\/\/www.iyiiletisim.com\/eng\/wp-json\/wp\/v2\/pages\/421\/revisions\/1538"}],"wp:attachment":[{"href":"https:\/\/www.iyiiletisim.com\/eng\/wp-json\/wp\/v2\/media?parent=421"}],"curies":[{"name":"wp","href":"https:\/\/api.w.org\/{rel}","templated":true}]}}